{"id":289,"date":"2021-01-31T17:24:07","date_gmt":"2021-01-31T17:24:07","guid":{"rendered":"https:\/\/medien.raffiniert.ch\/?page_id=289"},"modified":"2021-03-21T15:12:52","modified_gmt":"2021-03-21T15:12:52","slug":"projekt-7","status":"publish","type":"page","link":"https:\/\/medien.raffiniert.ch\/?page_id=289","title":{"rendered":"Holzkiste mit Isogrid-Muster"},"content":{"rendered":"\n<p><a href=\"https:\/\/www.raffiniert.ch\/?page_id=57\">zur\u00fcck&#8230;<\/a><\/p>\n\n\n\n<p>Ein Werbegeschenk der besonderen Art! Im Auftrag der <a rel=\"noreferrer noopener\" href=\"https:\/\/www.gebrueder-rutishauser.ch\/?lightbox=dataItem-jfr81sho\" target=\"_blank\">Firma Gebr\u00fcder Rutishauser GmbH<\/a> realisierten wir diese einzigartigen Holzkisten mit Isogrid-Muster. Trotz der beachtlichen Abmasse von 520x300x250mm war es m\u00f6glich, das Muster auf unserer CNC-Maschine mit 5-Seiten-Bearbeitung in einer Aufspannung zu fr\u00e4sen. Dank des Isogrid-Musters ist die Kiste bei einer Gewichtsreduktion von 45% \u00e4usserst stabil.<\/p>\n\n\n\n<p><a rel=\"noreferrer noopener\" href=\"https:\/\/www.gebrueder-rutishauser.ch\/?lightbox=dataItem-jfr81sho\" target=\"_blank\">Firma Gebr\u00fcder Rutishauser GmbH<\/a><\/p>\n\n\n\n<p><a href=\"https:\/\/www.raffiniert.ch\/?page_id=57\">zur\u00fcck&#8230;<\/a><\/p>\n\n\n\n<div class=\"is-layout-flow wp-block-group\"><div class=\"wp-block-group__inner-container\">\n<div class=\"is-layout-flow wp-block-group\"><div class=\"wp-block-group__inner-container\">\n<figure class=\"is-layout-flex wp-block-gallery-1 wp-block-gallery columns-3 is-cropped\"><ul class=\"blocks-gallery-grid\"><li class=\"blocks-gallery-item\"><figure><a href=\"https:\/\/medien.raffiniert.ch\/wp-content\/uploads\/2021\/01\/IMG_4434-scaled.jpg\"><img decoding=\"async\" loading=\"lazy\" width=\"300\" height=\"225\" src=\"https:\/\/medien.raffiniert.ch\/wp-content\/uploads\/2021\/01\/IMG_4434-300x225.jpg\" alt=\"Formenbau Graf Kiste Isogrid Muster\" data-id=\"271\" data-full-url=\"https:\/\/medien.raffiniert.ch\/wp-content\/uploads\/2021\/01\/IMG_4434-scaled.jpg\" data-link=\"https:\/\/medien.raffiniert.ch\/?attachment_id=271\" class=\"wp-image-271\" srcset=\"https:\/\/medien.raffiniert.ch\/wp-content\/uploads\/2021\/01\/IMG_4434-300x225.jpg 300w, https:\/\/medien.raffiniert.ch\/wp-content\/uploads\/2021\/01\/IMG_4434-1024x768.jpg 1024w, https:\/\/medien.raffiniert.ch\/wp-content\/uploads\/2021\/01\/IMG_4434-768x576.jpg 768w, https:\/\/medien.raffiniert.ch\/wp-content\/uploads\/2021\/01\/IMG_4434-1536x1152.jpg 1536w, https:\/\/medien.raffiniert.ch\/wp-content\/uploads\/2021\/01\/IMG_4434-2048x1536.jpg 2048w\" sizes=\"(max-width: 300px) 100vw, 300px\" \/><\/a><\/figure><\/li><li class=\"blocks-gallery-item\"><figure><a href=\"https:\/\/medien.raffiniert.ch\/wp-content\/uploads\/2021\/01\/IMG_4439-scaled.jpg\"><img decoding=\"async\" loading=\"lazy\" width=\"300\" height=\"225\" src=\"https:\/\/medien.raffiniert.ch\/wp-content\/uploads\/2021\/01\/IMG_4439-300x225.jpg\" alt=\"Formenbau Graf Kiste Isogrid Muster\" data-id=\"272\" data-full-url=\"https:\/\/medien.raffiniert.ch\/wp-content\/uploads\/2021\/01\/IMG_4439-scaled.jpg\" data-link=\"https:\/\/medien.raffiniert.ch\/?attachment_id=272\" class=\"wp-image-272\" srcset=\"https:\/\/medien.raffiniert.ch\/wp-content\/uploads\/2021\/01\/IMG_4439-300x225.jpg 300w, https:\/\/medien.raffiniert.ch\/wp-content\/uploads\/2021\/01\/IMG_4439-1024x768.jpg 1024w, https:\/\/medien.raffiniert.ch\/wp-content\/uploads\/2021\/01\/IMG_4439-768x576.jpg 768w, https:\/\/medien.raffiniert.ch\/wp-content\/uploads\/2021\/01\/IMG_4439-1536x1152.jpg 1536w, https:\/\/medien.raffiniert.ch\/wp-content\/uploads\/2021\/01\/IMG_4439-2048x1536.jpg 2048w\" sizes=\"(max-width: 300px) 100vw, 300px\" \/><\/a><\/figure><\/li><li class=\"blocks-gallery-item\"><figure><a href=\"https:\/\/medien.raffiniert.ch\/wp-content\/uploads\/2021\/01\/IMG_4457-scaled.jpg\"><img decoding=\"async\" loading=\"lazy\" width=\"225\" height=\"300\" src=\"https:\/\/medien.raffiniert.ch\/wp-content\/uploads\/2021\/01\/IMG_4457-225x300.jpg\" alt=\"Formenbau Graf Kiste Isogrid Muster\" data-id=\"273\" data-full-url=\"https:\/\/medien.raffiniert.ch\/wp-content\/uploads\/2021\/01\/IMG_4457-scaled.jpg\" data-link=\"https:\/\/medien.raffiniert.ch\/?attachment_id=273\" class=\"wp-image-273\" srcset=\"https:\/\/medien.raffiniert.ch\/wp-content\/uploads\/2021\/01\/IMG_4457-225x300.jpg 225w, https:\/\/medien.raffiniert.ch\/wp-content\/uploads\/2021\/01\/IMG_4457-768x1024.jpg 768w, https:\/\/medien.raffiniert.ch\/wp-content\/uploads\/2021\/01\/IMG_4457-1152x1536.jpg 1152w, https:\/\/medien.raffiniert.ch\/wp-content\/uploads\/2021\/01\/IMG_4457-1536x2048.jpg 1536w, https:\/\/medien.raffiniert.ch\/wp-content\/uploads\/2021\/01\/IMG_4457-scaled.jpg 1920w\" sizes=\"(max-width: 225px) 100vw, 225px\" \/><\/a><\/figure><\/li><li class=\"blocks-gallery-item\"><figure><a href=\"https:\/\/medien.raffiniert.ch\/wp-content\/uploads\/2021\/01\/IMG_4470-scaled.jpg\"><img decoding=\"async\" loading=\"lazy\" width=\"300\" height=\"225\" src=\"https:\/\/medien.raffiniert.ch\/wp-content\/uploads\/2021\/01\/IMG_4470-300x225.jpg\" alt=\"Formenbau Graf Kiste Isogrid Muster\" data-id=\"274\" data-full-url=\"https:\/\/medien.raffiniert.ch\/wp-content\/uploads\/2021\/01\/IMG_4470-scaled.jpg\" data-link=\"https:\/\/medien.raffiniert.ch\/?attachment_id=274\" class=\"wp-image-274\" srcset=\"https:\/\/medien.raffiniert.ch\/wp-content\/uploads\/2021\/01\/IMG_4470-300x225.jpg 300w, https:\/\/medien.raffiniert.ch\/wp-content\/uploads\/2021\/01\/IMG_4470-1024x768.jpg 1024w, https:\/\/medien.raffiniert.ch\/wp-content\/uploads\/2021\/01\/IMG_4470-768x576.jpg 768w, https:\/\/medien.raffiniert.ch\/wp-content\/uploads\/2021\/01\/IMG_4470-1536x1152.jpg 1536w, https:\/\/medien.raffiniert.ch\/wp-content\/uploads\/2021\/01\/IMG_4470-2048x1536.jpg 2048w\" sizes=\"(max-width: 300px) 100vw, 300px\" \/><\/a><\/figure><\/li><\/ul><\/figure>\n<\/div><\/div>\n<\/div><\/div>\n\n\n\n<p><a href=\"https:\/\/www.raffiniert.ch\/?page_id=57\">zur\u00fcck&#8230;<\/a><\/p>\n","protected":false},"excerpt":{"rendered":"<p>zur\u00fcck&#8230; Ein Werbegeschenk der besonderen Art! Im Auftrag der Firma Gebr\u00fcder Rutishauser GmbH realisierten wir diese einzigartigen Holzkisten mit Isogrid-Muster. Trotz der beachtlichen Abmasse von 520x300x250mm war es m\u00f6glich, das Muster auf unserer CNC-Maschine mit 5-Seiten-Bearbeitung in einer Aufspannung zu fr\u00e4sen. Dank des Isogrid-Musters ist die Kiste bei einer Gewichtsreduktion von 45% \u00e4usserst stabil. Firma &hellip; <\/p>\n<p class=\"link-more\"><a href=\"https:\/\/medien.raffiniert.ch\/?page_id=289\" class=\"more-link\"><span class=\"screen-reader-text\">\u201eHolzkiste mit Isogrid-Muster\u201c<\/span> weiterlesen<\/a><\/p>\n","protected":false},"author":1,"featured_media":0,"parent":0,"menu_order":0,"comment_status":"closed","ping_status":"closed","template":"","meta":[],"_links":{"self":[{"href":"https:\/\/medien.raffiniert.ch\/index.php?rest_route=\/wp\/v2\/pages\/289"}],"collection":[{"href":"https:\/\/medien.raffiniert.ch\/index.php?rest_route=\/wp\/v2\/pages"}],"about":[{"href":"https:\/\/medien.raffiniert.ch\/index.php?rest_route=\/wp\/v2\/types\/page"}],"author":[{"embeddable":true,"href":"https:\/\/medien.raffiniert.ch\/index.php?rest_route=\/wp\/v2\/users\/1"}],"replies":[{"embeddable":true,"href":"https:\/\/medien.raffiniert.ch\/index.php?rest_route=%2Fwp%2Fv2%2Fcomments&post=289"}],"version-history":[{"count":12,"href":"https:\/\/medien.raffiniert.ch\/index.php?rest_route=\/wp\/v2\/pages\/289\/revisions"}],"predecessor-version":[{"id":322,"href":"https:\/\/medien.raffiniert.ch\/index.php?rest_route=\/wp\/v2\/pages\/289\/revisions\/322"}],"wp:attachment":[{"href":"https:\/\/medien.raffiniert.ch\/index.php?rest_route=%2Fwp%2Fv2%2Fmedia&parent=289"}],"curies":[{"name":"wp","href":"https:\/\/api.w.org\/{rel}","templated":true}]}}