{"id":69,"date":"2018-11-15T19:03:22","date_gmt":"2018-11-15T19:03:22","guid":{"rendered":"https:\/\/medien.raffiniert.ch\/?page_id=69"},"modified":"2021-03-21T15:08:36","modified_gmt":"2021-03-21T15:08:36","slug":"projekt-1","status":"publish","type":"page","link":"https:\/\/medien.raffiniert.ch\/?page_id=69","title":{"rendered":"3D-Landschaftsrelief"},"content":{"rendered":"<p><a href=\"https:\/\/www.raffiniert.ch\/?page_id=57\">zur\u00fcck&#8230;<\/a><\/p>\n<p>Unsere exklusiven Landschaftsreliefe bringen nicht nur die Augen von Bergsteigerinnen und Museumskuratoren zum Gl\u00e4nzen. Holen Sie sich ein St\u00fcck Heimat ins eigene Wohnzimmer und geniessen Sie das sinnliche Erlebnis, mit den Fingern \u00fcber die Berge und T\u00e4ler zu streifen und in Erinnerungen zu schwelgen.<\/p>\n<p>F\u00fcr Ihren individuellen Ausschnitt bereiten wir die originalen 3D-Daten vom Bundesamt f\u00fcr Landestopografie swisstopo massstabgetreu auf und fr\u00e4sen das Relief im Holz Ihrer Wahl. Wir bringen gerne auch Gebirge ausserhalb der Schweiz in Form und trimmen diese optional an der Landesgrenze.<\/p>\n<p><a href=\"https:\/\/www.raffiniert.ch\/?page_id=57\">zur\u00fcck&#8230;<\/a><\/p>\n<div id='gallery-1' class='gallery galleryid-69 gallery-columns-2 gallery-size-medium'><figure class='gallery-item'>\n\t\t\t<div class='gallery-icon landscape'>\n\t\t\t\t<a href='https:\/\/medien.raffiniert.ch\/wp-content\/uploads\/2019\/02\/Formenbau-Graf-Relief-Alpstein-CH-Fichtenholz_1-e1549619003984.jpg'><img width=\"300\" height=\"225\" src=\"https:\/\/medien.raffiniert.ch\/wp-content\/uploads\/2019\/02\/Formenbau-Graf-Relief-Alpstein-CH-Fichtenholz_1-e1549619003984-300x225.jpg\" class=\"attachment-medium size-medium\" alt=\"Formenbau Graf Relief Alpstein CH Fichtenholz_1\" decoding=\"async\" loading=\"lazy\" srcset=\"https:\/\/medien.raffiniert.ch\/wp-content\/uploads\/2019\/02\/Formenbau-Graf-Relief-Alpstein-CH-Fichtenholz_1-e1549619003984-300x225.jpg 300w, https:\/\/medien.raffiniert.ch\/wp-content\/uploads\/2019\/02\/Formenbau-Graf-Relief-Alpstein-CH-Fichtenholz_1-e1549619003984-768x576.jpg 768w, https:\/\/medien.raffiniert.ch\/wp-content\/uploads\/2019\/02\/Formenbau-Graf-Relief-Alpstein-CH-Fichtenholz_1-e1549619003984-1024x768.jpg 1024w\" sizes=\"100vw\" \/><\/a>\n\t\t\t<\/div><\/figure><figure class='gallery-item'>\n\t\t\t<div class='gallery-icon landscape'>\n\t\t\t\t<a href='https:\/\/medien.raffiniert.ch\/wp-content\/uploads\/2019\/02\/Formenbau-Graf-Relief-Alpstein-CH-Fichtenholz_2-e1549618995832.jpg'><img width=\"300\" height=\"225\" src=\"https:\/\/medien.raffiniert.ch\/wp-content\/uploads\/2019\/02\/Formenbau-Graf-Relief-Alpstein-CH-Fichtenholz_2-e1549618995832-300x225.jpg\" class=\"attachment-medium size-medium\" alt=\"Formenbau Graf Relief Alpstein CH Fichtenholz_2\" decoding=\"async\" loading=\"lazy\" srcset=\"https:\/\/medien.raffiniert.ch\/wp-content\/uploads\/2019\/02\/Formenbau-Graf-Relief-Alpstein-CH-Fichtenholz_2-e1549618995832-300x225.jpg 300w, https:\/\/medien.raffiniert.ch\/wp-content\/uploads\/2019\/02\/Formenbau-Graf-Relief-Alpstein-CH-Fichtenholz_2-e1549618995832-768x576.jpg 768w, https:\/\/medien.raffiniert.ch\/wp-content\/uploads\/2019\/02\/Formenbau-Graf-Relief-Alpstein-CH-Fichtenholz_2-e1549618995832-1024x768.jpg 1024w\" sizes=\"100vw\" \/><\/a>\n\t\t\t<\/div><\/figure><figure class='gallery-item'>\n\t\t\t<div class='gallery-icon landscape'>\n\t\t\t\t<a href='https:\/\/medien.raffiniert.ch\/wp-content\/uploads\/2019\/02\/Formenbau-Graf-Relief-Alpstein-CH-Fichtenholz_4-e1549618978969.jpg'><img width=\"300\" height=\"225\" src=\"https:\/\/medien.raffiniert.ch\/wp-content\/uploads\/2019\/02\/Formenbau-Graf-Relief-Alpstein-CH-Fichtenholz_4-e1549618978969-300x225.jpg\" class=\"attachment-medium size-medium\" alt=\"Formenbau Graf Relief Alpstein CH Fichtenholz_4\" decoding=\"async\" loading=\"lazy\" srcset=\"https:\/\/medien.raffiniert.ch\/wp-content\/uploads\/2019\/02\/Formenbau-Graf-Relief-Alpstein-CH-Fichtenholz_4-e1549618978969-300x225.jpg 300w, https:\/\/medien.raffiniert.ch\/wp-content\/uploads\/2019\/02\/Formenbau-Graf-Relief-Alpstein-CH-Fichtenholz_4-e1549618978969-768x576.jpg 768w, https:\/\/medien.raffiniert.ch\/wp-content\/uploads\/2019\/02\/Formenbau-Graf-Relief-Alpstein-CH-Fichtenholz_4-e1549618978969-1024x768.jpg 1024w\" sizes=\"100vw\" \/><\/a>\n\t\t\t<\/div><\/figure><figure class='gallery-item'>\n\t\t\t<div class='gallery-icon landscape'>\n\t\t\t\t<a href='https:\/\/medien.raffiniert.ch\/wp-content\/uploads\/2019\/02\/Formenbau-Graf-Relief-Alpstein-CH-Fichtenholz_5-e1549618969185.jpg'><img width=\"300\" height=\"225\" src=\"https:\/\/medien.raffiniert.ch\/wp-content\/uploads\/2019\/02\/Formenbau-Graf-Relief-Alpstein-CH-Fichtenholz_5-e1549618969185-300x225.jpg\" class=\"attachment-medium size-medium\" alt=\"Formenbau Graf Relief Alpstein CH Fichtenholz_5\" decoding=\"async\" loading=\"lazy\" srcset=\"https:\/\/medien.raffiniert.ch\/wp-content\/uploads\/2019\/02\/Formenbau-Graf-Relief-Alpstein-CH-Fichtenholz_5-e1549618969185-300x225.jpg 300w, https:\/\/medien.raffiniert.ch\/wp-content\/uploads\/2019\/02\/Formenbau-Graf-Relief-Alpstein-CH-Fichtenholz_5-e1549618969185-768x576.jpg 768w, https:\/\/medien.raffiniert.ch\/wp-content\/uploads\/2019\/02\/Formenbau-Graf-Relief-Alpstein-CH-Fichtenholz_5-e1549618969185-1024x768.jpg 1024w\" sizes=\"100vw\" \/><\/a>\n\t\t\t<\/div><\/figure><figure class='gallery-item'>\n\t\t\t<div class='gallery-icon landscape'>\n\t\t\t\t<a href='https:\/\/medien.raffiniert.ch\/wp-content\/uploads\/2019\/02\/Formenbau-Graf-Relief-Alpstein-CH-Fichtenholz_6-e1549618957318.jpg'><img width=\"300\" height=\"225\" src=\"https:\/\/medien.raffiniert.ch\/wp-content\/uploads\/2019\/02\/Formenbau-Graf-Relief-Alpstein-CH-Fichtenholz_6-e1549618957318-300x225.jpg\" class=\"attachment-medium size-medium\" alt=\"Formenbau Graf Relief Alpstein CH Fichtenholz_6\" decoding=\"async\" loading=\"lazy\" srcset=\"https:\/\/medien.raffiniert.ch\/wp-content\/uploads\/2019\/02\/Formenbau-Graf-Relief-Alpstein-CH-Fichtenholz_6-e1549618957318-300x225.jpg 300w, https:\/\/medien.raffiniert.ch\/wp-content\/uploads\/2019\/02\/Formenbau-Graf-Relief-Alpstein-CH-Fichtenholz_6-e1549618957318-768x576.jpg 768w, https:\/\/medien.raffiniert.ch\/wp-content\/uploads\/2019\/02\/Formenbau-Graf-Relief-Alpstein-CH-Fichtenholz_6-e1549618957318-1024x768.jpg 1024w\" sizes=\"100vw\" \/><\/a>\n\t\t\t<\/div><\/figure><figure class='gallery-item'>\n\t\t\t<div class='gallery-icon landscape'>\n\t\t\t\t<a href='https:\/\/medien.raffiniert.ch\/wp-content\/uploads\/2019\/02\/Formenbau-Graf-Relief-Alpstein-CH-Fichtenholz_7-e1549618948493.jpg'><img width=\"300\" height=\"225\" src=\"https:\/\/medien.raffiniert.ch\/wp-content\/uploads\/2019\/02\/Formenbau-Graf-Relief-Alpstein-CH-Fichtenholz_7-e1549618948493-300x225.jpg\" class=\"attachment-medium size-medium\" alt=\"Formenbau Graf Relief Alpstein CH Fichtenholz_7\" decoding=\"async\" loading=\"lazy\" srcset=\"https:\/\/medien.raffiniert.ch\/wp-content\/uploads\/2019\/02\/Formenbau-Graf-Relief-Alpstein-CH-Fichtenholz_7-e1549618948493-300x225.jpg 300w, https:\/\/medien.raffiniert.ch\/wp-content\/uploads\/2019\/02\/Formenbau-Graf-Relief-Alpstein-CH-Fichtenholz_7-e1549618948493-768x576.jpg 768w, https:\/\/medien.raffiniert.ch\/wp-content\/uploads\/2019\/02\/Formenbau-Graf-Relief-Alpstein-CH-Fichtenholz_7-e1549618948493-1024x768.jpg 1024w\" sizes=\"100vw\" \/><\/a>\n\t\t\t<\/div><\/figure><figure class='gallery-item'>\n\t\t\t<div class='gallery-icon landscape'>\n\t\t\t\t<a href='https:\/\/medien.raffiniert.ch\/wp-content\/uploads\/2019\/02\/Formenbau-Graf-Relief-Alpstein-CH-Fichtenholz_8-e1549618933431.jpg'><img width=\"300\" height=\"225\" src=\"https:\/\/medien.raffiniert.ch\/wp-content\/uploads\/2019\/02\/Formenbau-Graf-Relief-Alpstein-CH-Fichtenholz_8-e1549618933431-300x225.jpg\" class=\"attachment-medium size-medium\" alt=\"Formenbau Graf Relief Alpstein CH Fichtenholz_8\" decoding=\"async\" loading=\"lazy\" srcset=\"https:\/\/medien.raffiniert.ch\/wp-content\/uploads\/2019\/02\/Formenbau-Graf-Relief-Alpstein-CH-Fichtenholz_8-e1549618933431-300x225.jpg 300w, https:\/\/medien.raffiniert.ch\/wp-content\/uploads\/2019\/02\/Formenbau-Graf-Relief-Alpstein-CH-Fichtenholz_8-e1549618933431-768x576.jpg 768w, https:\/\/medien.raffiniert.ch\/wp-content\/uploads\/2019\/02\/Formenbau-Graf-Relief-Alpstein-CH-Fichtenholz_8-e1549618933431-1024x768.jpg 1024w\" sizes=\"100vw\" \/><\/a>\n\t\t\t<\/div><\/figure><figure class='gallery-item'>\n\t\t\t<div class='gallery-icon landscape'>\n\t\t\t\t<a href='https:\/\/medien.raffiniert.ch\/wp-content\/uploads\/2021\/01\/Formenbau-Graf-Relief-Alpstein-CH-Buche-Multiplex_1-scaled.jpg'><img width=\"300\" height=\"225\" src=\"https:\/\/medien.raffiniert.ch\/wp-content\/uploads\/2021\/01\/Formenbau-Graf-Relief-Alpstein-CH-Buche-Multiplex_1-300x225.jpg\" class=\"attachment-medium size-medium\" alt=\"Formenbau Graf Relief Alpstein CH Buche Multiplex\" decoding=\"async\" loading=\"lazy\" srcset=\"https:\/\/medien.raffiniert.ch\/wp-content\/uploads\/2021\/01\/Formenbau-Graf-Relief-Alpstein-CH-Buche-Multiplex_1-300x225.jpg 300w, https:\/\/medien.raffiniert.ch\/wp-content\/uploads\/2021\/01\/Formenbau-Graf-Relief-Alpstein-CH-Buche-Multiplex_1-1024x768.jpg 1024w, https:\/\/medien.raffiniert.ch\/wp-content\/uploads\/2021\/01\/Formenbau-Graf-Relief-Alpstein-CH-Buche-Multiplex_1-768x576.jpg 768w, https:\/\/medien.raffiniert.ch\/wp-content\/uploads\/2021\/01\/Formenbau-Graf-Relief-Alpstein-CH-Buche-Multiplex_1-1536x1152.jpg 1536w, https:\/\/medien.raffiniert.ch\/wp-content\/uploads\/2021\/01\/Formenbau-Graf-Relief-Alpstein-CH-Buche-Multiplex_1-2048x1536.jpg 2048w\" sizes=\"100vw\" \/><\/a>\n\t\t\t<\/div><\/figure><figure class='gallery-item'>\n\t\t\t<div class='gallery-icon landscape'>\n\t\t\t\t<a href='https:\/\/medien.raffiniert.ch\/wp-content\/uploads\/2021\/01\/Formenbau-Graf-Relief-Alpstein-CH-Buche-Multiplex_3-scaled.jpg'><img width=\"300\" height=\"225\" src=\"https:\/\/medien.raffiniert.ch\/wp-content\/uploads\/2021\/01\/Formenbau-Graf-Relief-Alpstein-CH-Buche-Multiplex_3-300x225.jpg\" class=\"attachment-medium size-medium\" alt=\"Formenbau Graf Relief Alpstein CH Buche Multiplex\" decoding=\"async\" loading=\"lazy\" srcset=\"https:\/\/medien.raffiniert.ch\/wp-content\/uploads\/2021\/01\/Formenbau-Graf-Relief-Alpstein-CH-Buche-Multiplex_3-300x225.jpg 300w, https:\/\/medien.raffiniert.ch\/wp-content\/uploads\/2021\/01\/Formenbau-Graf-Relief-Alpstein-CH-Buche-Multiplex_3-1024x768.jpg 1024w, https:\/\/medien.raffiniert.ch\/wp-content\/uploads\/2021\/01\/Formenbau-Graf-Relief-Alpstein-CH-Buche-Multiplex_3-768x576.jpg 768w, https:\/\/medien.raffiniert.ch\/wp-content\/uploads\/2021\/01\/Formenbau-Graf-Relief-Alpstein-CH-Buche-Multiplex_3-1536x1152.jpg 1536w, https:\/\/medien.raffiniert.ch\/wp-content\/uploads\/2021\/01\/Formenbau-Graf-Relief-Alpstein-CH-Buche-Multiplex_3-2048x1536.jpg 2048w\" sizes=\"100vw\" \/><\/a>\n\t\t\t<\/div><\/figure><figure class='gallery-item'>\n\t\t\t<div class='gallery-icon landscape'>\n\t\t\t\t<a href='https:\/\/medien.raffiniert.ch\/wp-content\/uploads\/2021\/01\/Formenbau-Graf-Relief-Alpstein-CH-Buche-Multiplex_2-scaled.jpg'><img width=\"300\" height=\"225\" src=\"https:\/\/medien.raffiniert.ch\/wp-content\/uploads\/2021\/01\/Formenbau-Graf-Relief-Alpstein-CH-Buche-Multiplex_2-300x225.jpg\" class=\"attachment-medium size-medium\" alt=\"Formenbau Graf Relief Alpstein CH Buche Multiplex\" decoding=\"async\" loading=\"lazy\" srcset=\"https:\/\/medien.raffiniert.ch\/wp-content\/uploads\/2021\/01\/Formenbau-Graf-Relief-Alpstein-CH-Buche-Multiplex_2-300x225.jpg 300w, https:\/\/medien.raffiniert.ch\/wp-content\/uploads\/2021\/01\/Formenbau-Graf-Relief-Alpstein-CH-Buche-Multiplex_2-1024x768.jpg 1024w, https:\/\/medien.raffiniert.ch\/wp-content\/uploads\/2021\/01\/Formenbau-Graf-Relief-Alpstein-CH-Buche-Multiplex_2-768x576.jpg 768w, https:\/\/medien.raffiniert.ch\/wp-content\/uploads\/2021\/01\/Formenbau-Graf-Relief-Alpstein-CH-Buche-Multiplex_2-1536x1152.jpg 1536w, https:\/\/medien.raffiniert.ch\/wp-content\/uploads\/2021\/01\/Formenbau-Graf-Relief-Alpstein-CH-Buche-Multiplex_2-2048x1536.jpg 2048w\" sizes=\"100vw\" \/><\/a>\n\t\t\t<\/div><\/figure><figure class='gallery-item'>\n\t\t\t<div class='gallery-icon landscape'>\n\t\t\t\t<a href='https:\/\/medien.raffiniert.ch\/wp-content\/uploads\/2019\/02\/Formenbau-Graf-Relief-Glarus-CH-Eschenholz_9.jpg'><img width=\"300\" height=\"200\" src=\"https:\/\/medien.raffiniert.ch\/wp-content\/uploads\/2019\/02\/Formenbau-Graf-Relief-Glarus-CH-Eschenholz_9.jpg\" class=\"attachment-medium size-medium\" alt=\"Formenbau Graf Relief Glarus CH Eschenholz_9\" decoding=\"async\" loading=\"lazy\" sizes=\"100vw\" \/><\/a>\n\t\t\t<\/div><\/figure><figure class='gallery-item'>\n\t\t\t<div class='gallery-icon landscape'>\n\t\t\t\t<a href='https:\/\/medien.raffiniert.ch\/wp-content\/uploads\/2019\/02\/Formenbau-Graf-Relief-Glarus-CH-Eschenholz_6.jpg'><img width=\"300\" height=\"200\" src=\"https:\/\/medien.raffiniert.ch\/wp-content\/uploads\/2019\/02\/Formenbau-Graf-Relief-Glarus-CH-Eschenholz_6-300x200.jpg\" class=\"attachment-medium size-medium\" alt=\"Formenbau Graf Relief Glarus CH Eschenholz_6\" decoding=\"async\" loading=\"lazy\" srcset=\"https:\/\/medien.raffiniert.ch\/wp-content\/uploads\/2019\/02\/Formenbau-Graf-Relief-Glarus-CH-Eschenholz_6-300x200.jpg 300w, https:\/\/medien.raffiniert.ch\/wp-content\/uploads\/2019\/02\/Formenbau-Graf-Relief-Glarus-CH-Eschenholz_6-768x512.jpg 768w, https:\/\/medien.raffiniert.ch\/wp-content\/uploads\/2019\/02\/Formenbau-Graf-Relief-Glarus-CH-Eschenholz_6-1024x683.jpg 1024w\" sizes=\"100vw\" \/><\/a>\n\t\t\t<\/div><\/figure><figure class='gallery-item'>\n\t\t\t<div class='gallery-icon landscape'>\n\t\t\t\t<a href='https:\/\/medien.raffiniert.ch\/wp-content\/uploads\/2019\/02\/Formenbau-Graf-Firmenlogo-2.jpg'><img width=\"300\" height=\"115\" src=\"https:\/\/medien.raffiniert.ch\/wp-content\/uploads\/2019\/02\/Formenbau-Graf-Firmenlogo-2-300x115.jpg\" class=\"attachment-medium size-medium\" alt=\"Formenbau Graf Firmenlogo\" decoding=\"async\" loading=\"lazy\" srcset=\"https:\/\/medien.raffiniert.ch\/wp-content\/uploads\/2019\/02\/Formenbau-Graf-Firmenlogo-2-300x115.jpg 300w, https:\/\/medien.raffiniert.ch\/wp-content\/uploads\/2019\/02\/Formenbau-Graf-Firmenlogo-2-768x293.jpg 768w, https:\/\/medien.raffiniert.ch\/wp-content\/uploads\/2019\/02\/Formenbau-Graf-Firmenlogo-2.jpg 882w\" sizes=\"100vw\" \/><\/a>\n\t\t\t<\/div><\/figure>\n\t\t<\/div>\n\n<div style=\"width: 525px;\" class=\"wp-video\"><!--[if lt IE 9]><script>document.createElement('video');<\/script><![endif]-->\n<video class=\"wp-video-shortcode\" id=\"video-69-1\" width=\"525\" height=\"295\" preload=\"metadata\" controls=\"controls\"><source type=\"video\/mp4\" src=\"https:\/\/medien.raffiniert.ch\/wp-content\/uploads\/2019\/02\/Formenbau-Graf-Relief-Alpstein-CH-Fichtenholz_Film.mp4?_=1\" \/><a href=\"https:\/\/medien.raffiniert.ch\/wp-content\/uploads\/2019\/02\/Formenbau-Graf-Relief-Alpstein-CH-Fichtenholz_Film.mp4\">https:\/\/medien.raffiniert.ch\/wp-content\/uploads\/2019\/02\/Formenbau-Graf-Relief-Alpstein-CH-Fichtenholz_Film.mp4<\/a><\/video><\/div>\n<p><a href=\"https:\/\/www.raffiniert.ch\/?page_id=57\">zur\u00fcck&#8230;<\/a><\/p>\n","protected":false},"excerpt":{"rendered":"<p>zur\u00fcck&#8230; Unsere exklusiven Landschaftsreliefe bringen nicht nur die Augen von Bergsteigerinnen und Museumskuratoren zum Gl\u00e4nzen. Holen Sie sich ein St\u00fcck Heimat ins eigene Wohnzimmer und geniessen Sie das sinnliche Erlebnis, mit den Fingern \u00fcber die Berge und T\u00e4ler zu streifen und in Erinnerungen zu schwelgen. F\u00fcr Ihren individuellen Ausschnitt bereiten wir die originalen 3D-Daten vom &hellip; <\/p>\n<p class=\"link-more\"><a href=\"https:\/\/medien.raffiniert.ch\/?page_id=69\" class=\"more-link\"><span class=\"screen-reader-text\">\u201e3D-Landschaftsrelief\u201c<\/span> weiterlesen<\/a><\/p>\n","protected":false},"author":1,"featured_media":0,"parent":0,"menu_order":0,"comment_status":"closed","ping_status":"closed","template":"","meta":[],"_links":{"self":[{"href":"https:\/\/medien.raffiniert.ch\/index.php?rest_route=\/wp\/v2\/pages\/69"}],"collection":[{"href":"https:\/\/medien.raffiniert.ch\/index.php?rest_route=\/wp\/v2\/pages"}],"about":[{"href":"https:\/\/medien.raffiniert.ch\/index.php?rest_route=\/wp\/v2\/types\/page"}],"author":[{"embeddable":true,"href":"https:\/\/medien.raffiniert.ch\/index.php?rest_route=\/wp\/v2\/users\/1"}],"replies":[{"embeddable":true,"href":"https:\/\/medien.raffiniert.ch\/index.php?rest_route=%2Fwp%2Fv2%2Fcomments&post=69"}],"version-history":[{"count":24,"href":"https:\/\/medien.raffiniert.ch\/index.php?rest_route=\/wp\/v2\/pages\/69\/revisions"}],"predecessor-version":[{"id":318,"href":"https:\/\/medien.raffiniert.ch\/index.php?rest_route=\/wp\/v2\/pages\/69\/revisions\/318"}],"wp:attachment":[{"href":"https:\/\/medien.raffiniert.ch\/index.php?rest_route=%2Fwp%2Fv2%2Fmedia&parent=69"}],"curies":[{"name":"wp","href":"https:\/\/api.w.org\/{rel}","templated":true}]}}