{"id":70,"date":"2018-11-15T19:03:22","date_gmt":"2018-11-15T19:03:22","guid":{"rendered":"https:\/\/medien.raffiniert.ch\/?page_id=70"},"modified":"2021-03-21T15:15:35","modified_gmt":"2021-03-21T15:15:35","slug":"projekt-2","status":"publish","type":"page","link":"https:\/\/medien.raffiniert.ch\/?page_id=70","title":{"rendered":"Modell- und Formenbau"},"content":{"rendered":"<p><a href=\"https:\/\/www.raffiniert.ch\/?page_id=57\">zur\u00fcck&#8230;<\/a><\/p>\n<p>Wir realisieren Komponenten f\u00fcr Giessereimodelle, Tiefziehformen und Formwerkzeuge nach Ihren Spezifikationen aus Aluminium und Holz. Dank den beiden Schwenkachsen am Fr\u00e4skopf sind wir mit unserer CNC-Maschine in der Lage, auch grosse Bauteile f\u00fcnfachsig zu bearbeiten. Weitere technische Details zur Fr\u00e4smaschine finden Sie unter <a href=\"https:\/\/www.raffiniert.ch\/?page_id=60\">Triebwerk<\/a>.<\/p>\n<p><a href=\"https:\/\/www.raffiniert.ch\/?page_id=57\">zur\u00fcck&#8230;<\/a><\/p>\n<div id='gallery-1' class='gallery galleryid-70 gallery-columns-2 gallery-size-medium'><figure class='gallery-item'>\n\t\t\t<div class='gallery-icon landscape'>\n\t\t\t\t<a href='https:\/\/medien.raffiniert.ch\/wp-content\/uploads\/2019\/09\/Formenbau-Graf-Kernb\u00fcchse-Giessereimodell_2.jpg'><img width=\"300\" height=\"225\" src=\"https:\/\/medien.raffiniert.ch\/wp-content\/uploads\/2019\/09\/Formenbau-Graf-Kernb\u00fcchse-Giessereimodell_2-300x225.jpg\" class=\"attachment-medium size-medium\" alt=\"Formenbau Graf Kernb\u00fcchse Giessereimodell\" decoding=\"async\" loading=\"lazy\" srcset=\"https:\/\/medien.raffiniert.ch\/wp-content\/uploads\/2019\/09\/Formenbau-Graf-Kernb\u00fcchse-Giessereimodell_2-300x225.jpg 300w, https:\/\/medien.raffiniert.ch\/wp-content\/uploads\/2019\/09\/Formenbau-Graf-Kernb\u00fcchse-Giessereimodell_2-768x576.jpg 768w, https:\/\/medien.raffiniert.ch\/wp-content\/uploads\/2019\/09\/Formenbau-Graf-Kernb\u00fcchse-Giessereimodell_2-1024x768.jpg 1024w\" sizes=\"100vw\" \/><\/a>\n\t\t\t<\/div><\/figure><figure class='gallery-item'>\n\t\t\t<div class='gallery-icon landscape'>\n\t\t\t\t<a href='https:\/\/medien.raffiniert.ch\/wp-content\/uploads\/2019\/02\/Formenbau-Graf-Firmenlogo-2.jpg'><img width=\"300\" height=\"115\" src=\"https:\/\/medien.raffiniert.ch\/wp-content\/uploads\/2019\/02\/Formenbau-Graf-Firmenlogo-2-300x115.jpg\" class=\"attachment-medium size-medium\" alt=\"Formenbau Graf Firmenlogo\" decoding=\"async\" loading=\"lazy\" srcset=\"https:\/\/medien.raffiniert.ch\/wp-content\/uploads\/2019\/02\/Formenbau-Graf-Firmenlogo-2-300x115.jpg 300w, https:\/\/medien.raffiniert.ch\/wp-content\/uploads\/2019\/02\/Formenbau-Graf-Firmenlogo-2-768x293.jpg 768w, https:\/\/medien.raffiniert.ch\/wp-content\/uploads\/2019\/02\/Formenbau-Graf-Firmenlogo-2.jpg 882w\" sizes=\"100vw\" \/><\/a>\n\t\t\t<\/div><\/figure>\n\t\t<\/div>\n\n<div style=\"width: 525px;\" class=\"wp-video\"><!--[if lt IE 9]><script>document.createElement('video');<\/script><![endif]-->\n<video class=\"wp-video-shortcode\" id=\"video-70-1\" width=\"525\" height=\"295\" preload=\"metadata\" controls=\"controls\"><source type=\"video\/mp4\" src=\"https:\/\/medien.raffiniert.ch\/wp-content\/uploads\/2019\/09\/Formenbau-Graf-Kernb\u00fcchse-Giessereimodell_4.mp4?_=1\" \/><a href=\"https:\/\/medien.raffiniert.ch\/wp-content\/uploads\/2019\/09\/Formenbau-Graf-Kernb\u00fcchse-Giessereimodell_4.mp4\">https:\/\/medien.raffiniert.ch\/wp-content\/uploads\/2019\/09\/Formenbau-Graf-Kernb\u00fcchse-Giessereimodell_4.mp4<\/a><\/video><\/div>\n<p><a href=\"https:\/\/www.raffiniert.ch\/?page_id=57\">zur\u00fcck&#8230;<\/a><\/p>\n","protected":false},"excerpt":{"rendered":"<p>zur\u00fcck&#8230; Wir realisieren Komponenten f\u00fcr Giessereimodelle, Tiefziehformen und Formwerkzeuge nach Ihren Spezifikationen aus Aluminium und Holz. Dank den beiden Schwenkachsen am Fr\u00e4skopf sind wir mit unserer CNC-Maschine in der Lage, auch grosse Bauteile f\u00fcnfachsig zu bearbeiten. Weitere technische Details zur Fr\u00e4smaschine finden Sie unter Triebwerk. zur\u00fcck&#8230; zur\u00fcck&#8230;<\/p>\n","protected":false},"author":1,"featured_media":0,"parent":0,"menu_order":0,"comment_status":"closed","ping_status":"closed","template":"","meta":[],"_links":{"self":[{"href":"https:\/\/medien.raffiniert.ch\/index.php?rest_route=\/wp\/v2\/pages\/70"}],"collection":[{"href":"https:\/\/medien.raffiniert.ch\/index.php?rest_route=\/wp\/v2\/pages"}],"about":[{"href":"https:\/\/medien.raffiniert.ch\/index.php?rest_route=\/wp\/v2\/types\/page"}],"author":[{"embeddable":true,"href":"https:\/\/medien.raffiniert.ch\/index.php?rest_route=\/wp\/v2\/users\/1"}],"replies":[{"embeddable":true,"href":"https:\/\/medien.raffiniert.ch\/index.php?rest_route=%2Fwp%2Fv2%2Fcomments&post=70"}],"version-history":[{"count":13,"href":"https:\/\/medien.raffiniert.ch\/index.php?rest_route=\/wp\/v2\/pages\/70\/revisions"}],"predecessor-version":[{"id":325,"href":"https:\/\/medien.raffiniert.ch\/index.php?rest_route=\/wp\/v2\/pages\/70\/revisions\/325"}],"wp:attachment":[{"href":"https:\/\/medien.raffiniert.ch\/index.php?rest_route=%2Fwp%2Fv2%2Fmedia&parent=70"}],"curies":[{"name":"wp","href":"https:\/\/api.w.org\/{rel}","templated":true}]}}