{"id":71,"date":"2018-11-15T19:03:22","date_gmt":"2018-11-15T19:03:22","guid":{"rendered":"https:\/\/medien.raffiniert.ch\/?page_id=71"},"modified":"2019-09-17T19:28:26","modified_gmt":"2019-09-17T19:28:26","slug":"projekt-3","status":"publish","type":"page","link":"https:\/\/medien.raffiniert.ch\/?page_id=71","title":{"rendered":"Prototypen Leuchtengeh\u00e4use f\u00fcr Schienenfahrzeug"},"content":{"rendered":"<p>Prototypen Leuchtengeh\u00e4use f\u00fcr ein Schienenfahrzeug programmiert und gefr\u00e4st aus Aluminium (1000mm lang)<\/p>\n<p><a href=\"https:\/\/www.raffiniert.ch\/?page_id=57\">zur\u00fcck&#8230;<\/a><\/p>\n<p>&nbsp;<\/p>\n<div id='gallery-1' class='gallery galleryid-71 gallery-columns-2 gallery-size-medium'><figure class='gallery-item'>\n\t\t\t<div class='gallery-icon landscape'>\n\t\t\t\t<a href='https:\/\/medien.raffiniert.ch\/wp-content\/uploads\/2019\/09\/Formenbau-Graf-Leuchtengeh\u00e4use_2.jpg'><img width=\"300\" height=\"225\" src=\"https:\/\/medien.raffiniert.ch\/wp-content\/uploads\/2019\/09\/Formenbau-Graf-Leuchtengeh\u00e4use_2-300x225.jpg\" class=\"attachment-medium size-medium\" alt=\"Formenbau Graf Leuchtengeh\u00e4use Schienenfahrzeug\" decoding=\"async\" loading=\"lazy\" srcset=\"https:\/\/medien.raffiniert.ch\/wp-content\/uploads\/2019\/09\/Formenbau-Graf-Leuchtengeh\u00e4use_2-300x225.jpg 300w, https:\/\/medien.raffiniert.ch\/wp-content\/uploads\/2019\/09\/Formenbau-Graf-Leuchtengeh\u00e4use_2-768x576.jpg 768w, https:\/\/medien.raffiniert.ch\/wp-content\/uploads\/2019\/09\/Formenbau-Graf-Leuchtengeh\u00e4use_2-1024x768.jpg 1024w\" sizes=\"100vw\" \/><\/a>\n\t\t\t<\/div><\/figure><figure class='gallery-item'>\n\t\t\t<div class='gallery-icon portrait'>\n\t\t\t\t<a href='https:\/\/medien.raffiniert.ch\/wp-content\/uploads\/2019\/09\/Formenbau-Graf-Leuchtengeh\u00e4use_3.jpg'><img width=\"225\" height=\"300\" src=\"https:\/\/medien.raffiniert.ch\/wp-content\/uploads\/2019\/09\/Formenbau-Graf-Leuchtengeh\u00e4use_3-225x300.jpg\" class=\"attachment-medium size-medium\" alt=\"Formenbau Graf Leuchtengeh\u00e4use Schienenfahrzeug\" decoding=\"async\" loading=\"lazy\" srcset=\"https:\/\/medien.raffiniert.ch\/wp-content\/uploads\/2019\/09\/Formenbau-Graf-Leuchtengeh\u00e4use_3-225x300.jpg 225w, https:\/\/medien.raffiniert.ch\/wp-content\/uploads\/2019\/09\/Formenbau-Graf-Leuchtengeh\u00e4use_3-768x1024.jpg 768w\" sizes=\"100vw\" \/><\/a>\n\t\t\t<\/div><\/figure><figure class='gallery-item'>\n\t\t\t<div class='gallery-icon portrait'>\n\t\t\t\t<a href='https:\/\/medien.raffiniert.ch\/wp-content\/uploads\/2019\/09\/Formenbau-Graf-Leuchtengeh\u00e4use_9.jpg'><img width=\"225\" height=\"300\" src=\"https:\/\/medien.raffiniert.ch\/wp-content\/uploads\/2019\/09\/Formenbau-Graf-Leuchtengeh\u00e4use_9-225x300.jpg\" class=\"attachment-medium size-medium\" alt=\"Formenbau Graf Leuchtengeh\u00e4use Schienenfahrzeug\" decoding=\"async\" loading=\"lazy\" srcset=\"https:\/\/medien.raffiniert.ch\/wp-content\/uploads\/2019\/09\/Formenbau-Graf-Leuchtengeh\u00e4use_9-225x300.jpg 225w, https:\/\/medien.raffiniert.ch\/wp-content\/uploads\/2019\/09\/Formenbau-Graf-Leuchtengeh\u00e4use_9-768x1024.jpg 768w\" sizes=\"100vw\" \/><\/a>\n\t\t\t<\/div><\/figure><figure class='gallery-item'>\n\t\t\t<div class='gallery-icon portrait'>\n\t\t\t\t<a href='https:\/\/medien.raffiniert.ch\/wp-content\/uploads\/2019\/09\/Formenbau-Graf-Leuchtengeh\u00e4use_10-e1568748268918.jpg'><img width=\"200\" height=\"300\" src=\"https:\/\/medien.raffiniert.ch\/wp-content\/uploads\/2019\/09\/Formenbau-Graf-Leuchtengeh\u00e4use_10-e1568748268918-200x300.jpg\" class=\"attachment-medium size-medium\" alt=\"Formenbau Graf Leuchtengeh\u00e4use Schienenfahrzeug\" decoding=\"async\" loading=\"lazy\" srcset=\"https:\/\/medien.raffiniert.ch\/wp-content\/uploads\/2019\/09\/Formenbau-Graf-Leuchtengeh\u00e4use_10-e1568748268918-200x300.jpg 200w, https:\/\/medien.raffiniert.ch\/wp-content\/uploads\/2019\/09\/Formenbau-Graf-Leuchtengeh\u00e4use_10-e1568748268918-768x1152.jpg 768w, https:\/\/medien.raffiniert.ch\/wp-content\/uploads\/2019\/09\/Formenbau-Graf-Leuchtengeh\u00e4use_10-e1568748268918-683x1024.jpg 683w\" sizes=\"100vw\" \/><\/a>\n\t\t\t<\/div><\/figure><figure class='gallery-item'>\n\t\t\t<div class='gallery-icon landscape'>\n\t\t\t\t<a href='https:\/\/medien.raffiniert.ch\/wp-content\/uploads\/2019\/09\/Formenbau-Graf-Leuchtengeh\u00e4use_11.jpg'><img width=\"300\" height=\"200\" src=\"https:\/\/medien.raffiniert.ch\/wp-content\/uploads\/2019\/09\/Formenbau-Graf-Leuchtengeh\u00e4use_11-300x200.jpg\" class=\"attachment-medium size-medium\" alt=\"Formenbau Graf Leuchtengeh\u00e4use Schienenfahrzeug\" decoding=\"async\" loading=\"lazy\" srcset=\"https:\/\/medien.raffiniert.ch\/wp-content\/uploads\/2019\/09\/Formenbau-Graf-Leuchtengeh\u00e4use_11-300x200.jpg 300w, https:\/\/medien.raffiniert.ch\/wp-content\/uploads\/2019\/09\/Formenbau-Graf-Leuchtengeh\u00e4use_11-768x512.jpg 768w, https:\/\/medien.raffiniert.ch\/wp-content\/uploads\/2019\/09\/Formenbau-Graf-Leuchtengeh\u00e4use_11-1024x683.jpg 1024w\" sizes=\"100vw\" \/><\/a>\n\t\t\t<\/div><\/figure><figure class='gallery-item'>\n\t\t\t<div class='gallery-icon landscape'>\n\t\t\t\t<a href='https:\/\/medien.raffiniert.ch\/wp-content\/uploads\/2019\/09\/Formenbau-Graf-Leuchtengeh\u00e4use_4.jpg'><img width=\"300\" height=\"200\" src=\"https:\/\/medien.raffiniert.ch\/wp-content\/uploads\/2019\/09\/Formenbau-Graf-Leuchtengeh\u00e4use_4-300x200.jpg\" class=\"attachment-medium size-medium\" alt=\"Formenbau Graf Leuchtengeh\u00e4use Schienenfahrzeug\" decoding=\"async\" loading=\"lazy\" srcset=\"https:\/\/medien.raffiniert.ch\/wp-content\/uploads\/2019\/09\/Formenbau-Graf-Leuchtengeh\u00e4use_4-300x200.jpg 300w, https:\/\/medien.raffiniert.ch\/wp-content\/uploads\/2019\/09\/Formenbau-Graf-Leuchtengeh\u00e4use_4-768x512.jpg 768w, https:\/\/medien.raffiniert.ch\/wp-content\/uploads\/2019\/09\/Formenbau-Graf-Leuchtengeh\u00e4use_4-1024x683.jpg 1024w\" sizes=\"100vw\" \/><\/a>\n\t\t\t<\/div><\/figure><figure class='gallery-item'>\n\t\t\t<div class='gallery-icon landscape'>\n\t\t\t\t<a href='https:\/\/medien.raffiniert.ch\/wp-content\/uploads\/2019\/09\/Formenbau-Graf-Leuchtengeh\u00e4use_5.jpg'><img width=\"300\" height=\"200\" src=\"https:\/\/medien.raffiniert.ch\/wp-content\/uploads\/2019\/09\/Formenbau-Graf-Leuchtengeh\u00e4use_5-300x200.jpg\" class=\"attachment-medium size-medium\" alt=\"Formenbau Graf Leuchtengeh\u00e4use Schienenfahrzeug\" decoding=\"async\" loading=\"lazy\" srcset=\"https:\/\/medien.raffiniert.ch\/wp-content\/uploads\/2019\/09\/Formenbau-Graf-Leuchtengeh\u00e4use_5-300x200.jpg 300w, https:\/\/medien.raffiniert.ch\/wp-content\/uploads\/2019\/09\/Formenbau-Graf-Leuchtengeh\u00e4use_5-768x512.jpg 768w, https:\/\/medien.raffiniert.ch\/wp-content\/uploads\/2019\/09\/Formenbau-Graf-Leuchtengeh\u00e4use_5-1024x683.jpg 1024w\" sizes=\"100vw\" \/><\/a>\n\t\t\t<\/div><\/figure><figure class='gallery-item'>\n\t\t\t<div class='gallery-icon landscape'>\n\t\t\t\t<a href='https:\/\/medien.raffiniert.ch\/wp-content\/uploads\/2019\/09\/Formenbau-Graf-Leuchtengeh\u00e4use_6.jpg'><img width=\"300\" height=\"200\" src=\"https:\/\/medien.raffiniert.ch\/wp-content\/uploads\/2019\/09\/Formenbau-Graf-Leuchtengeh\u00e4use_6-300x200.jpg\" class=\"attachment-medium size-medium\" alt=\"Formenbau Graf Leuchtengeh\u00e4use Schienenfahrzeug\" decoding=\"async\" loading=\"lazy\" srcset=\"https:\/\/medien.raffiniert.ch\/wp-content\/uploads\/2019\/09\/Formenbau-Graf-Leuchtengeh\u00e4use_6-300x200.jpg 300w, https:\/\/medien.raffiniert.ch\/wp-content\/uploads\/2019\/09\/Formenbau-Graf-Leuchtengeh\u00e4use_6-768x512.jpg 768w, https:\/\/medien.raffiniert.ch\/wp-content\/uploads\/2019\/09\/Formenbau-Graf-Leuchtengeh\u00e4use_6-1024x683.jpg 1024w\" sizes=\"100vw\" \/><\/a>\n\t\t\t<\/div><\/figure><figure class='gallery-item'>\n\t\t\t<div class='gallery-icon landscape'>\n\t\t\t\t<a href='https:\/\/medien.raffiniert.ch\/wp-content\/uploads\/2019\/09\/Formenbau-Graf-Leuchtengeh\u00e4use_7.jpg'><img width=\"300\" height=\"200\" src=\"https:\/\/medien.raffiniert.ch\/wp-content\/uploads\/2019\/09\/Formenbau-Graf-Leuchtengeh\u00e4use_7-300x200.jpg\" class=\"attachment-medium size-medium\" alt=\"Formenbau Graf Leuchtengeh\u00e4use Schienenfahrzeug\" decoding=\"async\" loading=\"lazy\" srcset=\"https:\/\/medien.raffiniert.ch\/wp-content\/uploads\/2019\/09\/Formenbau-Graf-Leuchtengeh\u00e4use_7-300x200.jpg 300w, https:\/\/medien.raffiniert.ch\/wp-content\/uploads\/2019\/09\/Formenbau-Graf-Leuchtengeh\u00e4use_7-768x512.jpg 768w, https:\/\/medien.raffiniert.ch\/wp-content\/uploads\/2019\/09\/Formenbau-Graf-Leuchtengeh\u00e4use_7-1024x683.jpg 1024w\" sizes=\"100vw\" \/><\/a>\n\t\t\t<\/div><\/figure><figure class='gallery-item'>\n\t\t\t<div class='gallery-icon landscape'>\n\t\t\t\t<a href='https:\/\/medien.raffiniert.ch\/wp-content\/uploads\/2019\/09\/Formenbau-Graf-Leuchtengeh\u00e4use_8.jpg'><img width=\"300\" height=\"200\" src=\"https:\/\/medien.raffiniert.ch\/wp-content\/uploads\/2019\/09\/Formenbau-Graf-Leuchtengeh\u00e4use_8-300x200.jpg\" class=\"attachment-medium size-medium\" alt=\"Formenbau Graf Leuchtengeh\u00e4use Schienenfahrzeug\" decoding=\"async\" loading=\"lazy\" srcset=\"https:\/\/medien.raffiniert.ch\/wp-content\/uploads\/2019\/09\/Formenbau-Graf-Leuchtengeh\u00e4use_8-300x200.jpg 300w, https:\/\/medien.raffiniert.ch\/wp-content\/uploads\/2019\/09\/Formenbau-Graf-Leuchtengeh\u00e4use_8-768x512.jpg 768w, https:\/\/medien.raffiniert.ch\/wp-content\/uploads\/2019\/09\/Formenbau-Graf-Leuchtengeh\u00e4use_8-1024x683.jpg 1024w\" sizes=\"100vw\" \/><\/a>\n\t\t\t<\/div><\/figure><figure class='gallery-item'>\n\t\t\t<div class='gallery-icon landscape'>\n\t\t\t\t<a href='https:\/\/medien.raffiniert.ch\/wp-content\/uploads\/2019\/02\/Formenbau-Graf-Firmenlogo-2.jpg'><img width=\"300\" height=\"115\" src=\"https:\/\/medien.raffiniert.ch\/wp-content\/uploads\/2019\/02\/Formenbau-Graf-Firmenlogo-2-300x115.jpg\" class=\"attachment-medium size-medium\" alt=\"Formenbau Graf Firmenlogo\" decoding=\"async\" loading=\"lazy\" srcset=\"https:\/\/medien.raffiniert.ch\/wp-content\/uploads\/2019\/02\/Formenbau-Graf-Firmenlogo-2-300x115.jpg 300w, https:\/\/medien.raffiniert.ch\/wp-content\/uploads\/2019\/02\/Formenbau-Graf-Firmenlogo-2-768x293.jpg 768w, https:\/\/medien.raffiniert.ch\/wp-content\/uploads\/2019\/02\/Formenbau-Graf-Firmenlogo-2.jpg 882w\" sizes=\"100vw\" \/><\/a>\n\t\t\t<\/div><\/figure>\n\t\t<\/div>\n\n<p><a href=\"https:\/\/www.raffiniert.ch\/?page_id=57\">zur\u00fcck&#8230;<\/a><\/p>\n<p>&nbsp;<\/p>\n","protected":false},"excerpt":{"rendered":"<p>Prototypen Leuchtengeh\u00e4use f\u00fcr ein Schienenfahrzeug programmiert und gefr\u00e4st aus Aluminium (1000mm lang) zur\u00fcck&#8230; &nbsp; zur\u00fcck&#8230; &nbsp;<\/p>\n","protected":false},"author":1,"featured_media":0,"parent":0,"menu_order":0,"comment_status":"closed","ping_status":"closed","template":"","meta":[],"_links":{"self":[{"href":"https:\/\/medien.raffiniert.ch\/index.php?rest_route=\/wp\/v2\/pages\/71"}],"collection":[{"href":"https:\/\/medien.raffiniert.ch\/index.php?rest_route=\/wp\/v2\/pages"}],"about":[{"href":"https:\/\/medien.raffiniert.ch\/index.php?rest_route=\/wp\/v2\/types\/page"}],"author":[{"embeddable":true,"href":"https:\/\/medien.raffiniert.ch\/index.php?rest_route=\/wp\/v2\/users\/1"}],"replies":[{"embeddable":true,"href":"https:\/\/medien.raffiniert.ch\/index.php?rest_route=%2Fwp%2Fv2%2Fcomments&post=71"}],"version-history":[{"count":8,"href":"https:\/\/medien.raffiniert.ch\/index.php?rest_route=\/wp\/v2\/pages\/71\/revisions"}],"predecessor-version":[{"id":265,"href":"https:\/\/medien.raffiniert.ch\/index.php?rest_route=\/wp\/v2\/pages\/71\/revisions\/265"}],"wp:attachment":[{"href":"https:\/\/medien.raffiniert.ch\/index.php?rest_route=%2Fwp%2Fv2%2Fmedia&parent=71"}],"curies":[{"name":"wp","href":"https:\/\/api.w.org\/{rel}","templated":true}]}}