{"id":72,"date":"2018-11-15T19:03:22","date_gmt":"2018-11-15T19:03:22","guid":{"rendered":"https:\/\/medien.raffiniert.ch\/?page_id=72"},"modified":"2021-03-21T15:09:57","modified_gmt":"2021-03-21T15:09:57","slug":"projekt-4","status":"publish","type":"page","link":"https:\/\/medien.raffiniert.ch\/?page_id=72","title":{"rendered":"Formplatte Tablettenbest\u00fcckung POM"},"content":{"rendered":"<p><a href=\"https:\/\/www.raffiniert.ch\/?page_id=57\">zur\u00fcck&#8230;<\/a><\/p>\n<p>Im Auftrag einer Spitalapotheke fertigten wir f\u00fcr einen Tablettenbest\u00fcckungsapparat eine Ersatzformplatte. Hierzu erstellten wir im Reverse-Engineering-Verfahren das CAD-Modell, das Fr\u00e4sprogramm und schliesslich die Formplatte aus POM.<\/p>\n<p><a href=\"https:\/\/www.raffiniert.ch\/?page_id=57\">zur\u00fcck&#8230;<\/a><\/p>\n<div id='gallery-1' class='gallery galleryid-72 gallery-columns-2 gallery-size-medium'><figure class='gallery-item'>\n\t\t\t<div class='gallery-icon landscape'>\n\t\t\t\t<a href='https:\/\/medien.raffiniert.ch\/wp-content\/uploads\/2019\/02\/Formenbau-Graf-Formplatte-Tablettenbest\u00fcckung-e1549125468478.jpg'><img width=\"300\" height=\"225\" src=\"https:\/\/medien.raffiniert.ch\/wp-content\/uploads\/2019\/02\/Formenbau-Graf-Formplatte-Tablettenbest\u00fcckung-e1549125468478-300x225.jpg\" class=\"attachment-medium size-medium\" alt=\"Formenbau Graf Formplatte Tablettenbest\u00fcckung\" decoding=\"async\" loading=\"lazy\" srcset=\"https:\/\/medien.raffiniert.ch\/wp-content\/uploads\/2019\/02\/Formenbau-Graf-Formplatte-Tablettenbest\u00fcckung-e1549125468478-300x225.jpg 300w, https:\/\/medien.raffiniert.ch\/wp-content\/uploads\/2019\/02\/Formenbau-Graf-Formplatte-Tablettenbest\u00fcckung-e1549125468478-768x576.jpg 768w, https:\/\/medien.raffiniert.ch\/wp-content\/uploads\/2019\/02\/Formenbau-Graf-Formplatte-Tablettenbest\u00fcckung-e1549125468478-1024x768.jpg 1024w\" sizes=\"100vw\" \/><\/a>\n\t\t\t<\/div><\/figure><figure class='gallery-item'>\n\t\t\t<div class='gallery-icon landscape'>\n\t\t\t\t<a href='https:\/\/medien.raffiniert.ch\/wp-content\/uploads\/2019\/02\/Formenbau-Graf-Firmenlogo-2.jpg'><img width=\"300\" height=\"115\" src=\"https:\/\/medien.raffiniert.ch\/wp-content\/uploads\/2019\/02\/Formenbau-Graf-Firmenlogo-2-300x115.jpg\" class=\"attachment-medium size-medium\" alt=\"Formenbau Graf Firmenlogo\" decoding=\"async\" loading=\"lazy\" srcset=\"https:\/\/medien.raffiniert.ch\/wp-content\/uploads\/2019\/02\/Formenbau-Graf-Firmenlogo-2-300x115.jpg 300w, https:\/\/medien.raffiniert.ch\/wp-content\/uploads\/2019\/02\/Formenbau-Graf-Firmenlogo-2-768x293.jpg 768w, https:\/\/medien.raffiniert.ch\/wp-content\/uploads\/2019\/02\/Formenbau-Graf-Firmenlogo-2.jpg 882w\" sizes=\"100vw\" \/><\/a>\n\t\t\t<\/div><\/figure>\n\t\t<\/div>\n\n<div style=\"width: 525px;\" class=\"wp-video\"><!--[if lt IE 9]><script>document.createElement('video');<\/script><![endif]-->\n<video class=\"wp-video-shortcode\" id=\"video-72-1\" width=\"525\" height=\"295\" preload=\"metadata\" controls=\"controls\"><source type=\"video\/mp4\" src=\"https:\/\/medien.raffiniert.ch\/wp-content\/uploads\/2019\/02\/Formenbau-Graf-Formplatte-Tablettenbest\u00fcckung_Film1.mp4?_=1\" \/><a href=\"https:\/\/medien.raffiniert.ch\/wp-content\/uploads\/2019\/02\/Formenbau-Graf-Formplatte-Tablettenbest\u00fcckung_Film1.mp4\">https:\/\/medien.raffiniert.ch\/wp-content\/uploads\/2019\/02\/Formenbau-Graf-Formplatte-Tablettenbest\u00fcckung_Film1.mp4<\/a><\/video><\/div>\n<p><a href=\"https:\/\/www.raffiniert.ch\/?page_id=57\">zur\u00fcck&#8230;<\/a><\/p>\n","protected":false},"excerpt":{"rendered":"<p>zur\u00fcck&#8230; Im Auftrag einer Spitalapotheke fertigten wir f\u00fcr einen Tablettenbest\u00fcckungsapparat eine Ersatzformplatte. Hierzu erstellten wir im Reverse-Engineering-Verfahren das CAD-Modell, das Fr\u00e4sprogramm und schliesslich die Formplatte aus POM. zur\u00fcck&#8230; zur\u00fcck&#8230;<\/p>\n","protected":false},"author":1,"featured_media":0,"parent":0,"menu_order":0,"comment_status":"closed","ping_status":"closed","template":"","meta":[],"_links":{"self":[{"href":"https:\/\/medien.raffiniert.ch\/index.php?rest_route=\/wp\/v2\/pages\/72"}],"collection":[{"href":"https:\/\/medien.raffiniert.ch\/index.php?rest_route=\/wp\/v2\/pages"}],"about":[{"href":"https:\/\/medien.raffiniert.ch\/index.php?rest_route=\/wp\/v2\/types\/page"}],"author":[{"embeddable":true,"href":"https:\/\/medien.raffiniert.ch\/index.php?rest_route=\/wp\/v2\/users\/1"}],"replies":[{"embeddable":true,"href":"https:\/\/medien.raffiniert.ch\/index.php?rest_route=%2Fwp%2Fv2%2Fcomments&post=72"}],"version-history":[{"count":6,"href":"https:\/\/medien.raffiniert.ch\/index.php?rest_route=\/wp\/v2\/pages\/72\/revisions"}],"predecessor-version":[{"id":320,"href":"https:\/\/medien.raffiniert.ch\/index.php?rest_route=\/wp\/v2\/pages\/72\/revisions\/320"}],"wp:attachment":[{"href":"https:\/\/medien.raffiniert.ch\/index.php?rest_route=%2Fwp%2Fv2%2Fmedia&parent=72"}],"curies":[{"name":"wp","href":"https:\/\/api.w.org\/{rel}","templated":true}]}}