{"id":73,"date":"2018-11-15T19:03:22","date_gmt":"2018-11-15T19:03:22","guid":{"rendered":"https:\/\/medien.raffiniert.ch\/?page_id=73"},"modified":"2021-07-17T08:40:10","modified_gmt":"2021-07-17T08:40:10","slug":"projekt-5","status":"publish","type":"page","link":"https:\/\/medien.raffiniert.ch\/?page_id=73","title":{"rendered":"Linienbilder"},"content":{"rendered":"<p><a href=\"https:\/\/www.raffiniert.ch\/?page_id=57\">zur\u00fcck&#8230;<\/a><\/p>\n<p>Von Nahem betrachtet, sind es bloss Linien auf einem weiss beschichteten Holzbrett. Gewinnt man etwas Abstand, erwacht mit dieser verbl\u00fcffenden Technik Ihr Lieblingsbild zum Leben. Wir verarbeiten Ihre Bilddatei zu einem aussergew\u00f6hnlichen Blickfang. Soll es ein Portrait, ein Raumtrenner oder eine M\u00f6belfront sein? Wir setzen Ihre W\u00fcnsche ins Rampenlicht.<\/p>\n<p><a href=\"https:\/\/www.raffiniert.ch\/?page_id=57\">zur\u00fcck&#8230;<\/a><\/p>\n<div id='gallery-1' class='gallery galleryid-73 gallery-columns-2 gallery-size-medium'><figure class='gallery-item'>\n\t\t\t<div class='gallery-icon portrait'>\n\t\t\t\t<a href='https:\/\/medien.raffiniert.ch\/wp-content\/uploads\/2021\/01\/Formenbau-Graf-Linienbilder-Ziege_1-scaled.jpg'><img width=\"225\" height=\"300\" src=\"https:\/\/medien.raffiniert.ch\/wp-content\/uploads\/2021\/01\/Formenbau-Graf-Linienbilder-Ziege_1-225x300.jpg\" class=\"attachment-medium size-medium\" alt=\"Formenbau Graf Linienbilder Ziege\" decoding=\"async\" loading=\"lazy\" srcset=\"https:\/\/medien.raffiniert.ch\/wp-content\/uploads\/2021\/01\/Formenbau-Graf-Linienbilder-Ziege_1-225x300.jpg 225w, https:\/\/medien.raffiniert.ch\/wp-content\/uploads\/2021\/01\/Formenbau-Graf-Linienbilder-Ziege_1-768x1024.jpg 768w, https:\/\/medien.raffiniert.ch\/wp-content\/uploads\/2021\/01\/Formenbau-Graf-Linienbilder-Ziege_1-1152x1536.jpg 1152w, https:\/\/medien.raffiniert.ch\/wp-content\/uploads\/2021\/01\/Formenbau-Graf-Linienbilder-Ziege_1-1536x2048.jpg 1536w, https:\/\/medien.raffiniert.ch\/wp-content\/uploads\/2021\/01\/Formenbau-Graf-Linienbilder-Ziege_1-scaled.jpg 1920w\" sizes=\"100vw\" \/><\/a>\n\t\t\t<\/div><\/figure><figure class='gallery-item'>\n\t\t\t<div class='gallery-icon portrait'>\n\t\t\t\t<a href='https:\/\/medien.raffiniert.ch\/wp-content\/uploads\/2021\/01\/Formenbau-Graf-Linienbilder-Ziege_2-scaled.jpg'><img width=\"225\" height=\"300\" src=\"https:\/\/medien.raffiniert.ch\/wp-content\/uploads\/2021\/01\/Formenbau-Graf-Linienbilder-Ziege_2-225x300.jpg\" class=\"attachment-medium size-medium\" alt=\"Formenbau Graf Linienbilder Ziege\" decoding=\"async\" loading=\"lazy\" srcset=\"https:\/\/medien.raffiniert.ch\/wp-content\/uploads\/2021\/01\/Formenbau-Graf-Linienbilder-Ziege_2-225x300.jpg 225w, https:\/\/medien.raffiniert.ch\/wp-content\/uploads\/2021\/01\/Formenbau-Graf-Linienbilder-Ziege_2-768x1024.jpg 768w, https:\/\/medien.raffiniert.ch\/wp-content\/uploads\/2021\/01\/Formenbau-Graf-Linienbilder-Ziege_2-1152x1536.jpg 1152w, https:\/\/medien.raffiniert.ch\/wp-content\/uploads\/2021\/01\/Formenbau-Graf-Linienbilder-Ziege_2-1536x2048.jpg 1536w, https:\/\/medien.raffiniert.ch\/wp-content\/uploads\/2021\/01\/Formenbau-Graf-Linienbilder-Ziege_2-scaled.jpg 1920w\" sizes=\"100vw\" \/><\/a>\n\t\t\t<\/div><\/figure><figure class='gallery-item'>\n\t\t\t<div class='gallery-icon portrait'>\n\t\t\t\t<a href='https:\/\/medien.raffiniert.ch\/wp-content\/uploads\/2021\/01\/Formenbau-Graf-Linienbilder-Fuchs_1-scaled.jpg'><img width=\"225\" height=\"300\" src=\"https:\/\/medien.raffiniert.ch\/wp-content\/uploads\/2021\/01\/Formenbau-Graf-Linienbilder-Fuchs_1-225x300.jpg\" class=\"attachment-medium size-medium\" alt=\"Formenbau Graf Linienbilder Fuchs\" decoding=\"async\" loading=\"lazy\" srcset=\"https:\/\/medien.raffiniert.ch\/wp-content\/uploads\/2021\/01\/Formenbau-Graf-Linienbilder-Fuchs_1-225x300.jpg 225w, https:\/\/medien.raffiniert.ch\/wp-content\/uploads\/2021\/01\/Formenbau-Graf-Linienbilder-Fuchs_1-768x1024.jpg 768w, https:\/\/medien.raffiniert.ch\/wp-content\/uploads\/2021\/01\/Formenbau-Graf-Linienbilder-Fuchs_1-1152x1536.jpg 1152w, https:\/\/medien.raffiniert.ch\/wp-content\/uploads\/2021\/01\/Formenbau-Graf-Linienbilder-Fuchs_1-1536x2048.jpg 1536w, https:\/\/medien.raffiniert.ch\/wp-content\/uploads\/2021\/01\/Formenbau-Graf-Linienbilder-Fuchs_1-scaled.jpg 1920w\" sizes=\"100vw\" \/><\/a>\n\t\t\t<\/div><\/figure><figure class='gallery-item'>\n\t\t\t<div class='gallery-icon portrait'>\n\t\t\t\t<a href='https:\/\/medien.raffiniert.ch\/wp-content\/uploads\/2021\/01\/Formenbau-Graf-Linienbilder-Fuchs_2-scaled.jpg'><img width=\"225\" height=\"300\" src=\"https:\/\/medien.raffiniert.ch\/wp-content\/uploads\/2021\/01\/Formenbau-Graf-Linienbilder-Fuchs_2-225x300.jpg\" class=\"attachment-medium size-medium\" alt=\"Formenbau Graf Linienbilder Fuchs\" decoding=\"async\" loading=\"lazy\" srcset=\"https:\/\/medien.raffiniert.ch\/wp-content\/uploads\/2021\/01\/Formenbau-Graf-Linienbilder-Fuchs_2-225x300.jpg 225w, https:\/\/medien.raffiniert.ch\/wp-content\/uploads\/2021\/01\/Formenbau-Graf-Linienbilder-Fuchs_2-768x1024.jpg 768w, https:\/\/medien.raffiniert.ch\/wp-content\/uploads\/2021\/01\/Formenbau-Graf-Linienbilder-Fuchs_2-1152x1536.jpg 1152w, https:\/\/medien.raffiniert.ch\/wp-content\/uploads\/2021\/01\/Formenbau-Graf-Linienbilder-Fuchs_2-1536x2048.jpg 1536w, https:\/\/medien.raffiniert.ch\/wp-content\/uploads\/2021\/01\/Formenbau-Graf-Linienbilder-Fuchs_2-scaled.jpg 1920w\" sizes=\"100vw\" \/><\/a>\n\t\t\t<\/div><\/figure><figure class='gallery-item'>\n\t\t\t<div class='gallery-icon landscape'>\n\t\t\t\t<a href='https:\/\/medien.raffiniert.ch\/wp-content\/uploads\/2021\/07\/Formenbau-Graf-Linienbilder-Galloway-scaled.jpg'><img width=\"300\" height=\"225\" src=\"https:\/\/medien.raffiniert.ch\/wp-content\/uploads\/2021\/07\/Formenbau-Graf-Linienbilder-Galloway-300x225.jpg\" class=\"attachment-medium size-medium\" alt=\"Formenbau Graf Linienbilder Galloway\" decoding=\"async\" loading=\"lazy\" srcset=\"https:\/\/medien.raffiniert.ch\/wp-content\/uploads\/2021\/07\/Formenbau-Graf-Linienbilder-Galloway-300x225.jpg 300w, https:\/\/medien.raffiniert.ch\/wp-content\/uploads\/2021\/07\/Formenbau-Graf-Linienbilder-Galloway-1024x768.jpg 1024w, https:\/\/medien.raffiniert.ch\/wp-content\/uploads\/2021\/07\/Formenbau-Graf-Linienbilder-Galloway-768x576.jpg 768w, https:\/\/medien.raffiniert.ch\/wp-content\/uploads\/2021\/07\/Formenbau-Graf-Linienbilder-Galloway-1536x1152.jpg 1536w, https:\/\/medien.raffiniert.ch\/wp-content\/uploads\/2021\/07\/Formenbau-Graf-Linienbilder-Galloway-2048x1536.jpg 2048w\" sizes=\"100vw\" \/><\/a>\n\t\t\t<\/div><\/figure><figure class='gallery-item'>\n\t\t\t<div class='gallery-icon landscape'>\n\t\t\t\t<a href='https:\/\/medien.raffiniert.ch\/wp-content\/uploads\/2021\/07\/Formenbau-Graf-Linienbilder-LKW-Berg-scaled.jpg'><img width=\"300\" height=\"225\" src=\"https:\/\/medien.raffiniert.ch\/wp-content\/uploads\/2021\/07\/Formenbau-Graf-Linienbilder-LKW-Berg-300x225.jpg\" class=\"attachment-medium size-medium\" alt=\"Formenbau Graf Linienbilder LKW Berg\" decoding=\"async\" loading=\"lazy\" srcset=\"https:\/\/medien.raffiniert.ch\/wp-content\/uploads\/2021\/07\/Formenbau-Graf-Linienbilder-LKW-Berg-300x225.jpg 300w, https:\/\/medien.raffiniert.ch\/wp-content\/uploads\/2021\/07\/Formenbau-Graf-Linienbilder-LKW-Berg-1024x768.jpg 1024w, https:\/\/medien.raffiniert.ch\/wp-content\/uploads\/2021\/07\/Formenbau-Graf-Linienbilder-LKW-Berg-768x576.jpg 768w, https:\/\/medien.raffiniert.ch\/wp-content\/uploads\/2021\/07\/Formenbau-Graf-Linienbilder-LKW-Berg-1536x1152.jpg 1536w, https:\/\/medien.raffiniert.ch\/wp-content\/uploads\/2021\/07\/Formenbau-Graf-Linienbilder-LKW-Berg-2048x1536.jpg 2048w\" sizes=\"100vw\" \/><\/a>\n\t\t\t<\/div><\/figure><figure class='gallery-item'>\n\t\t\t<div class='gallery-icon landscape'>\n\t\t\t\t<a href='https:\/\/medien.raffiniert.ch\/wp-content\/uploads\/2019\/02\/Formenbau-Graf-Firmenlogo-2.jpg'><img width=\"300\" height=\"115\" src=\"https:\/\/medien.raffiniert.ch\/wp-content\/uploads\/2019\/02\/Formenbau-Graf-Firmenlogo-2-300x115.jpg\" class=\"attachment-medium size-medium\" alt=\"Formenbau Graf Firmenlogo\" decoding=\"async\" loading=\"lazy\" srcset=\"https:\/\/medien.raffiniert.ch\/wp-content\/uploads\/2019\/02\/Formenbau-Graf-Firmenlogo-2-300x115.jpg 300w, https:\/\/medien.raffiniert.ch\/wp-content\/uploads\/2019\/02\/Formenbau-Graf-Firmenlogo-2-768x293.jpg 768w, https:\/\/medien.raffiniert.ch\/wp-content\/uploads\/2019\/02\/Formenbau-Graf-Firmenlogo-2.jpg 882w\" sizes=\"100vw\" \/><\/a>\n\t\t\t<\/div><\/figure>\n\t\t<\/div>\n\n<p><a href=\"https:\/\/www.raffiniert.ch\/?page_id=57\">zur\u00fcck&#8230;<\/a><\/p>\n","protected":false},"excerpt":{"rendered":"<p>zur\u00fcck&#8230; Von Nahem betrachtet, sind es bloss Linien auf einem weiss beschichteten Holzbrett. Gewinnt man etwas Abstand, erwacht mit dieser verbl\u00fcffenden Technik Ihr Lieblingsbild zum Leben. Wir verarbeiten Ihre Bilddatei zu einem aussergew\u00f6hnlichen Blickfang. Soll es ein Portrait, ein Raumtrenner oder eine M\u00f6belfront sein? Wir setzen Ihre W\u00fcnsche ins Rampenlicht. zur\u00fcck&#8230; zur\u00fcck&#8230;<\/p>\n","protected":false},"author":1,"featured_media":0,"parent":0,"menu_order":0,"comment_status":"closed","ping_status":"closed","template":"","meta":[],"_links":{"self":[{"href":"https:\/\/medien.raffiniert.ch\/index.php?rest_route=\/wp\/v2\/pages\/73"}],"collection":[{"href":"https:\/\/medien.raffiniert.ch\/index.php?rest_route=\/wp\/v2\/pages"}],"about":[{"href":"https:\/\/medien.raffiniert.ch\/index.php?rest_route=\/wp\/v2\/types\/page"}],"author":[{"embeddable":true,"href":"https:\/\/medien.raffiniert.ch\/index.php?rest_route=\/wp\/v2\/users\/1"}],"replies":[{"embeddable":true,"href":"https:\/\/medien.raffiniert.ch\/index.php?rest_route=%2Fwp%2Fv2%2Fcomments&post=73"}],"version-history":[{"count":20,"href":"https:\/\/medien.raffiniert.ch\/index.php?rest_route=\/wp\/v2\/pages\/73\/revisions"}],"predecessor-version":[{"id":335,"href":"https:\/\/medien.raffiniert.ch\/index.php?rest_route=\/wp\/v2\/pages\/73\/revisions\/335"}],"wp:attachment":[{"href":"https:\/\/medien.raffiniert.ch\/index.php?rest_route=%2Fwp%2Fv2%2Fmedia&parent=73"}],"curies":[{"name":"wp","href":"https:\/\/api.w.org\/{rel}","templated":true}]}}