{"id":74,"date":"2018-11-15T19:03:22","date_gmt":"2018-11-15T19:03:22","guid":{"rendered":"https:\/\/medien.raffiniert.ch\/?page_id=74"},"modified":"2021-03-21T15:21:28","modified_gmt":"2021-03-21T15:21:28","slug":"projekt-6","status":"publish","type":"page","link":"https:\/\/medien.raffiniert.ch\/?page_id=74","title":{"rendered":"Schokoladengiessform Werbegeschenk"},"content":{"rendered":"<p><a href=\"https:\/\/www.raffiniert.ch\/?page_id=57\">zur\u00fcck&#8230;<\/a><\/p>\n<p>\u00dcberraschen Sie Ihre Kunden mit einer firmeneigenen Schokoladentafel. Giessen Sie die Schoggi selber, und Sie dr\u00fccken dem Werbegeschenk eine weitere pers\u00f6nliche Note auf. Ein Confiseur in Ihrer N\u00e4he kann Ihnen selbstverst\u00e4ndlich diese Arbeit abnehmen.<\/p>\n<p>Wir bereiten Ihre Firmenlogo-Daten auf und platzieren diese auf der Schokoladentafel. Vom gefr\u00e4sten Urmodell wird das Negativ aus lebensmittelechtem Silikon abgegossen.<\/p>\n<p>Die Silikonform ist bis 240\u00b0C formbest\u00e4ndig, abwaschbar und kann beliebig oft wiederverwendet werden. Die abgek\u00fchlte Schokolade l\u00e4sst sich leicht und r\u00fcckstandslos aus der Form l\u00f6sen. Eine edle Verpackung verleiht dem Geschenk das gewisse Etwas.<\/p>\n<p>Gl\u00fcck kann man nicht kaufen \u2013 aber Schokolade. Und das ist doch beinahe das Gleiche.<\/p>\n<p><a href=\"https:\/\/www.raffiniert.ch\/?page_id=57\">zur\u00fcck&#8230;<\/a><\/p>\n<div id='gallery-1' class='gallery galleryid-74 gallery-columns-2 gallery-size-medium'><figure class='gallery-item'>\n\t\t\t<div class='gallery-icon landscape'>\n\t\t\t\t<a href='https:\/\/medien.raffiniert.ch\/wp-content\/uploads\/2019\/05\/Formenbau-Graf-Schokoladen-Giessform-Silikon-personalisiert_1.jpg'><img width=\"300\" height=\"225\" src=\"https:\/\/medien.raffiniert.ch\/wp-content\/uploads\/2019\/05\/Formenbau-Graf-Schokoladen-Giessform-Silikon-personalisiert_1-300x225.jpg\" class=\"attachment-medium size-medium\" alt=\"Formenbau Graf Schokoladen Giessform Silikon personalisiert\" decoding=\"async\" loading=\"lazy\" srcset=\"https:\/\/medien.raffiniert.ch\/wp-content\/uploads\/2019\/05\/Formenbau-Graf-Schokoladen-Giessform-Silikon-personalisiert_1-300x225.jpg 300w, https:\/\/medien.raffiniert.ch\/wp-content\/uploads\/2019\/05\/Formenbau-Graf-Schokoladen-Giessform-Silikon-personalisiert_1-768x576.jpg 768w, https:\/\/medien.raffiniert.ch\/wp-content\/uploads\/2019\/05\/Formenbau-Graf-Schokoladen-Giessform-Silikon-personalisiert_1-1024x768.jpg 1024w\" sizes=\"100vw\" \/><\/a>\n\t\t\t<\/div><\/figure><figure class='gallery-item'>\n\t\t\t<div class='gallery-icon landscape'>\n\t\t\t\t<a href='https:\/\/medien.raffiniert.ch\/wp-content\/uploads\/2019\/05\/Formenbau-Graf-Schokoladen-Giessform-Silikon-personalisiert_2.jpg'><img width=\"300\" height=\"225\" src=\"https:\/\/medien.raffiniert.ch\/wp-content\/uploads\/2019\/05\/Formenbau-Graf-Schokoladen-Giessform-Silikon-personalisiert_2-300x225.jpg\" class=\"attachment-medium size-medium\" alt=\"Formenbau Graf Schokoladen Giessform Silikon personalisiert\" decoding=\"async\" loading=\"lazy\" srcset=\"https:\/\/medien.raffiniert.ch\/wp-content\/uploads\/2019\/05\/Formenbau-Graf-Schokoladen-Giessform-Silikon-personalisiert_2-300x225.jpg 300w, https:\/\/medien.raffiniert.ch\/wp-content\/uploads\/2019\/05\/Formenbau-Graf-Schokoladen-Giessform-Silikon-personalisiert_2-768x576.jpg 768w, https:\/\/medien.raffiniert.ch\/wp-content\/uploads\/2019\/05\/Formenbau-Graf-Schokoladen-Giessform-Silikon-personalisiert_2-1024x768.jpg 1024w\" sizes=\"100vw\" \/><\/a>\n\t\t\t<\/div><\/figure><figure class='gallery-item'>\n\t\t\t<div class='gallery-icon landscape'>\n\t\t\t\t<a href='https:\/\/medien.raffiniert.ch\/wp-content\/uploads\/2019\/05\/Formenbau-Graf-Schokoladen-Giessform-Silikon-personalisiert_3.jpg'><img width=\"300\" height=\"200\" src=\"https:\/\/medien.raffiniert.ch\/wp-content\/uploads\/2019\/05\/Formenbau-Graf-Schokoladen-Giessform-Silikon-personalisiert_3-300x200.jpg\" class=\"attachment-medium size-medium\" alt=\"Formenbau Graf Schokoladen Giessform Silikon personalisiert\" decoding=\"async\" loading=\"lazy\" srcset=\"https:\/\/medien.raffiniert.ch\/wp-content\/uploads\/2019\/05\/Formenbau-Graf-Schokoladen-Giessform-Silikon-personalisiert_3-300x200.jpg 300w, https:\/\/medien.raffiniert.ch\/wp-content\/uploads\/2019\/05\/Formenbau-Graf-Schokoladen-Giessform-Silikon-personalisiert_3-768x512.jpg 768w, https:\/\/medien.raffiniert.ch\/wp-content\/uploads\/2019\/05\/Formenbau-Graf-Schokoladen-Giessform-Silikon-personalisiert_3-1024x683.jpg 1024w\" sizes=\"100vw\" \/><\/a>\n\t\t\t<\/div><\/figure><figure class='gallery-item'>\n\t\t\t<div class='gallery-icon landscape'>\n\t\t\t\t<a href='https:\/\/medien.raffiniert.ch\/wp-content\/uploads\/2019\/05\/Formenbau-Graf-Schokoladen-Giessform-Silikon-personalisiert_6.jpg'><img width=\"300\" height=\"225\" src=\"https:\/\/medien.raffiniert.ch\/wp-content\/uploads\/2019\/05\/Formenbau-Graf-Schokoladen-Giessform-Silikon-personalisiert_6-300x225.jpg\" class=\"attachment-medium size-medium\" alt=\"Formenbau Graf Schokoladen Giessform Silikon personalisiert\" decoding=\"async\" loading=\"lazy\" srcset=\"https:\/\/medien.raffiniert.ch\/wp-content\/uploads\/2019\/05\/Formenbau-Graf-Schokoladen-Giessform-Silikon-personalisiert_6-300x225.jpg 300w, https:\/\/medien.raffiniert.ch\/wp-content\/uploads\/2019\/05\/Formenbau-Graf-Schokoladen-Giessform-Silikon-personalisiert_6-768x576.jpg 768w, https:\/\/medien.raffiniert.ch\/wp-content\/uploads\/2019\/05\/Formenbau-Graf-Schokoladen-Giessform-Silikon-personalisiert_6-1024x768.jpg 1024w\" sizes=\"100vw\" \/><\/a>\n\t\t\t<\/div><\/figure><figure class='gallery-item'>\n\t\t\t<div class='gallery-icon landscape'>\n\t\t\t\t<a href='https:\/\/medien.raffiniert.ch\/wp-content\/uploads\/2019\/05\/Formenbau-Graf-Schokoladen-Giessform-Silikon-personalisiert_7.jpg'><img width=\"300\" height=\"200\" src=\"https:\/\/medien.raffiniert.ch\/wp-content\/uploads\/2019\/05\/Formenbau-Graf-Schokoladen-Giessform-Silikon-personalisiert_7-300x200.jpg\" class=\"attachment-medium size-medium\" alt=\"Formenbau Graf Schokoladen Giessform Silikon personalisiert\" decoding=\"async\" loading=\"lazy\" srcset=\"https:\/\/medien.raffiniert.ch\/wp-content\/uploads\/2019\/05\/Formenbau-Graf-Schokoladen-Giessform-Silikon-personalisiert_7-300x200.jpg 300w, https:\/\/medien.raffiniert.ch\/wp-content\/uploads\/2019\/05\/Formenbau-Graf-Schokoladen-Giessform-Silikon-personalisiert_7-768x512.jpg 768w, https:\/\/medien.raffiniert.ch\/wp-content\/uploads\/2019\/05\/Formenbau-Graf-Schokoladen-Giessform-Silikon-personalisiert_7-1024x683.jpg 1024w\" sizes=\"100vw\" \/><\/a>\n\t\t\t<\/div><\/figure><figure class='gallery-item'>\n\t\t\t<div class='gallery-icon landscape'>\n\t\t\t\t<a href='https:\/\/medien.raffiniert.ch\/wp-content\/uploads\/2019\/05\/Formenbau-Graf-Schokoladen-Giessform-Silikon-personalisiert_8.jpg'><img width=\"300\" height=\"200\" src=\"https:\/\/medien.raffiniert.ch\/wp-content\/uploads\/2019\/05\/Formenbau-Graf-Schokoladen-Giessform-Silikon-personalisiert_8-300x200.jpg\" class=\"attachment-medium size-medium\" alt=\"Formenbau Graf Schokoladen Giessform Silikon personalisiert\" decoding=\"async\" loading=\"lazy\" srcset=\"https:\/\/medien.raffiniert.ch\/wp-content\/uploads\/2019\/05\/Formenbau-Graf-Schokoladen-Giessform-Silikon-personalisiert_8-300x200.jpg 300w, https:\/\/medien.raffiniert.ch\/wp-content\/uploads\/2019\/05\/Formenbau-Graf-Schokoladen-Giessform-Silikon-personalisiert_8-768x512.jpg 768w, https:\/\/medien.raffiniert.ch\/wp-content\/uploads\/2019\/05\/Formenbau-Graf-Schokoladen-Giessform-Silikon-personalisiert_8-1024x683.jpg 1024w\" sizes=\"100vw\" \/><\/a>\n\t\t\t<\/div><\/figure><figure class='gallery-item'>\n\t\t\t<div class='gallery-icon landscape'>\n\t\t\t\t<a href='https:\/\/medien.raffiniert.ch\/wp-content\/uploads\/2019\/05\/Formenbau-Graf-Schokoladen-Giessform-Silikon-personalisiert_10.jpg'><img width=\"300\" height=\"200\" src=\"https:\/\/medien.raffiniert.ch\/wp-content\/uploads\/2019\/05\/Formenbau-Graf-Schokoladen-Giessform-Silikon-personalisiert_10-300x200.jpg\" class=\"attachment-medium size-medium\" alt=\"Formenbau Graf Schokoladen Giessform Silikon Insel Korsika 3d\" decoding=\"async\" loading=\"lazy\" srcset=\"https:\/\/medien.raffiniert.ch\/wp-content\/uploads\/2019\/05\/Formenbau-Graf-Schokoladen-Giessform-Silikon-personalisiert_10-300x200.jpg 300w, https:\/\/medien.raffiniert.ch\/wp-content\/uploads\/2019\/05\/Formenbau-Graf-Schokoladen-Giessform-Silikon-personalisiert_10-768x512.jpg 768w, https:\/\/medien.raffiniert.ch\/wp-content\/uploads\/2019\/05\/Formenbau-Graf-Schokoladen-Giessform-Silikon-personalisiert_10-1024x683.jpg 1024w\" sizes=\"100vw\" \/><\/a>\n\t\t\t<\/div><\/figure><figure class='gallery-item'>\n\t\t\t<div class='gallery-icon portrait'>\n\t\t\t\t<a href='https:\/\/medien.raffiniert.ch\/wp-content\/uploads\/2019\/05\/Formenbau-Graf-Schokoladen-Giessform-Silikon-personalisiert_11.jpg'><img width=\"200\" height=\"300\" src=\"https:\/\/medien.raffiniert.ch\/wp-content\/uploads\/2019\/05\/Formenbau-Graf-Schokoladen-Giessform-Silikon-personalisiert_11-200x300.jpg\" class=\"attachment-medium size-medium\" alt=\"Formenbau Graf Schokoladen Giessform Silikon Insel Korsika 3d\" decoding=\"async\" loading=\"lazy\" srcset=\"https:\/\/medien.raffiniert.ch\/wp-content\/uploads\/2019\/05\/Formenbau-Graf-Schokoladen-Giessform-Silikon-personalisiert_11-200x300.jpg 200w, https:\/\/medien.raffiniert.ch\/wp-content\/uploads\/2019\/05\/Formenbau-Graf-Schokoladen-Giessform-Silikon-personalisiert_11-768x1152.jpg 768w, https:\/\/medien.raffiniert.ch\/wp-content\/uploads\/2019\/05\/Formenbau-Graf-Schokoladen-Giessform-Silikon-personalisiert_11-683x1024.jpg 683w\" sizes=\"100vw\" \/><\/a>\n\t\t\t<\/div><\/figure><figure class='gallery-item'>\n\t\t\t<div class='gallery-icon portrait'>\n\t\t\t\t<a href='https:\/\/medien.raffiniert.ch\/wp-content\/uploads\/2019\/05\/Formenbau-Graf-Schokoladen-Giessform-Silikon-personalisiert_12.jpg'><img width=\"200\" height=\"300\" src=\"https:\/\/medien.raffiniert.ch\/wp-content\/uploads\/2019\/05\/Formenbau-Graf-Schokoladen-Giessform-Silikon-personalisiert_12-200x300.jpg\" class=\"attachment-medium size-medium\" alt=\"Formenbau Graf Schokoladen Giessform Silikon Insel Korsika 3d\" decoding=\"async\" loading=\"lazy\" srcset=\"https:\/\/medien.raffiniert.ch\/wp-content\/uploads\/2019\/05\/Formenbau-Graf-Schokoladen-Giessform-Silikon-personalisiert_12-200x300.jpg 200w, https:\/\/medien.raffiniert.ch\/wp-content\/uploads\/2019\/05\/Formenbau-Graf-Schokoladen-Giessform-Silikon-personalisiert_12-768x1152.jpg 768w, https:\/\/medien.raffiniert.ch\/wp-content\/uploads\/2019\/05\/Formenbau-Graf-Schokoladen-Giessform-Silikon-personalisiert_12-683x1024.jpg 683w\" sizes=\"100vw\" \/><\/a>\n\t\t\t<\/div><\/figure><figure class='gallery-item'>\n\t\t\t<div class='gallery-icon portrait'>\n\t\t\t\t<a href='https:\/\/medien.raffiniert.ch\/wp-content\/uploads\/2019\/05\/Formenbau-Graf-Schokoladen-Giessform-Silikon-personalisiert_13.jpg'><img width=\"200\" height=\"300\" src=\"https:\/\/medien.raffiniert.ch\/wp-content\/uploads\/2019\/05\/Formenbau-Graf-Schokoladen-Giessform-Silikon-personalisiert_13-200x300.jpg\" class=\"attachment-medium size-medium\" alt=\"Formenbau Graf Schokoladen Giessform Silikon Insel Korsika 3d\" decoding=\"async\" loading=\"lazy\" srcset=\"https:\/\/medien.raffiniert.ch\/wp-content\/uploads\/2019\/05\/Formenbau-Graf-Schokoladen-Giessform-Silikon-personalisiert_13-200x300.jpg 200w, https:\/\/medien.raffiniert.ch\/wp-content\/uploads\/2019\/05\/Formenbau-Graf-Schokoladen-Giessform-Silikon-personalisiert_13-768x1152.jpg 768w, https:\/\/medien.raffiniert.ch\/wp-content\/uploads\/2019\/05\/Formenbau-Graf-Schokoladen-Giessform-Silikon-personalisiert_13-683x1024.jpg 683w\" sizes=\"100vw\" \/><\/a>\n\t\t\t<\/div><\/figure><figure class='gallery-item'>\n\t\t\t<div class='gallery-icon landscape'>\n\t\t\t\t<a href='https:\/\/medien.raffiniert.ch\/wp-content\/uploads\/2019\/02\/Formenbau-Graf-Firmenlogo-2.jpg'><img width=\"300\" height=\"115\" src=\"https:\/\/medien.raffiniert.ch\/wp-content\/uploads\/2019\/02\/Formenbau-Graf-Firmenlogo-2-300x115.jpg\" class=\"attachment-medium size-medium\" alt=\"Formenbau Graf Firmenlogo\" decoding=\"async\" loading=\"lazy\" srcset=\"https:\/\/medien.raffiniert.ch\/wp-content\/uploads\/2019\/02\/Formenbau-Graf-Firmenlogo-2-300x115.jpg 300w, https:\/\/medien.raffiniert.ch\/wp-content\/uploads\/2019\/02\/Formenbau-Graf-Firmenlogo-2-768x293.jpg 768w, https:\/\/medien.raffiniert.ch\/wp-content\/uploads\/2019\/02\/Formenbau-Graf-Firmenlogo-2.jpg 882w\" sizes=\"100vw\" \/><\/a>\n\t\t\t<\/div><\/figure>\n\t\t<\/div>\n\n<p><a href=\"https:\/\/www.raffiniert.ch\/?page_id=57\">zur\u00fcck&#8230;<\/a><\/p>\n","protected":false},"excerpt":{"rendered":"<p>zur\u00fcck&#8230; \u00dcberraschen Sie Ihre Kunden mit einer firmeneigenen Schokoladentafel. Giessen Sie die Schoggi selber, und Sie dr\u00fccken dem Werbegeschenk eine weitere pers\u00f6nliche Note auf. Ein Confiseur in Ihrer N\u00e4he kann Ihnen selbstverst\u00e4ndlich diese Arbeit abnehmen. Wir bereiten Ihre Firmenlogo-Daten auf und platzieren diese auf der Schokoladentafel. Vom gefr\u00e4sten Urmodell wird das Negativ aus lebensmittelechtem Silikon &hellip; <\/p>\n<p class=\"link-more\"><a href=\"https:\/\/medien.raffiniert.ch\/?page_id=74\" class=\"more-link\"><span class=\"screen-reader-text\">\u201eSchokoladengiessform Werbegeschenk\u201c<\/span> weiterlesen<\/a><\/p>\n","protected":false},"author":1,"featured_media":0,"parent":0,"menu_order":0,"comment_status":"closed","ping_status":"closed","template":"","meta":[],"_links":{"self":[{"href":"https:\/\/medien.raffiniert.ch\/index.php?rest_route=\/wp\/v2\/pages\/74"}],"collection":[{"href":"https:\/\/medien.raffiniert.ch\/index.php?rest_route=\/wp\/v2\/pages"}],"about":[{"href":"https:\/\/medien.raffiniert.ch\/index.php?rest_route=\/wp\/v2\/types\/page"}],"author":[{"embeddable":true,"href":"https:\/\/medien.raffiniert.ch\/index.php?rest_route=\/wp\/v2\/users\/1"}],"replies":[{"embeddable":true,"href":"https:\/\/medien.raffiniert.ch\/index.php?rest_route=%2Fwp%2Fv2%2Fcomments&post=74"}],"version-history":[{"count":13,"href":"https:\/\/medien.raffiniert.ch\/index.php?rest_route=\/wp\/v2\/pages\/74\/revisions"}],"predecessor-version":[{"id":329,"href":"https:\/\/medien.raffiniert.ch\/index.php?rest_route=\/wp\/v2\/pages\/74\/revisions\/329"}],"wp:attachment":[{"href":"https:\/\/medien.raffiniert.ch\/index.php?rest_route=%2Fwp%2Fv2%2Fmedia&parent=74"}],"curies":[{"name":"wp","href":"https:\/\/api.w.org\/{rel}","templated":true}]}}